{"id":2,"date":"2018-03-22T20:54:24","date_gmt":"2018-03-22T19:54:24","guid":{"rendered":"http:\/\/techno-service.co\/de\/?page_id=2"},"modified":"2020-05-23T20:46:50","modified_gmt":"2020-05-23T18:46:50","slug":"about-us","status":"publish","type":"page","link":"https:\/\/techno-service.co\/de\/?page_id=2","title":{"rendered":"\u00dcber Uns"},"content":{"rendered":"<div class=\"wpb-content-wrapper\"><p>[vc_row dfd_row_config=&#8221;full_width_content&#8221; dfd_row_responsive_enable=&#8221;dfd-row-responsive-enable&#8221;][vc_column][vc_single_image image=&#8221;18235&#8243; img_size=&#8221;full&#8221; alignment=&#8221;center&#8221; css=&#8221;.vc_custom_1522700585483{margin-right: -5% !important;margin-left: -5% !important;border-right-width: -5% !important;border-left-width: -5% !important;padding-right: -5% !important;padding-left: -5% !important;}&#8221;]<div class=\"dfd-spacer-module\"  data-units=\"px\" data-wide_resolution=\"1280\" data-wide_size=\"45\" data-normal_resolution=\"1024\" data-normal_size=\"45\" data-tablet_resolution=\"800\" data-tablet_size=\"30\" data-mobile_resolution=\"480\" data-mobile_size=\"20\" style=\"height: 45px;\"><\/div><div class=\"dfd-heading-shortcode\"><div class=\"dfd-heading-module-wrap  text-center style_01 dfd-heading-6a05f4d03eb35 dfd-disable-resposive-headings\" id=\"dfd-heading-6a05f4d03eb35\" ><div class=\"inline-block\"><div class=\"dfd-heading-module\"><h5 class=\"widget-title dfd-title \" style=\"font-size: 45px; \">\u00dcber uns<\/h5><div class=\"dfd-heading-delimiter dfd-img-lazy-load\"><\/div><\/div><\/div><\/div><script type=\"text\/javascript\">\r\n\t\t\t\t\t\t\t\t\t(function($) {\r\n\t\t\t\t\t\t\t\t\t\t$(\"head\").append(\"<style>.dfd-heading-6a05f4d03eb35.dfd-heading-module-wrap .dfd-heading-module .dfd-heading-delimiter {border-bottom-style:solid;border-bottom-width:1px;width:150px;border-bottom-color:#f05a28;}.dfd-heading-6a05f4d03eb35.dfd-heading-module-wrap .dfd-heading-module .dfd-heading-delimiter {margin-top:10px;margin-bottom:10px;}<\/style>\");\r\n\t\t\t\t\t\t\t\t\t})(jQuery);\r\n\t\t\t\t\t\t\t\t<\/script><\/div><div class=\"dfd-spacer-module\"  data-units=\"px\" data-wide_resolution=\"1280\" data-wide_size=\"25\" data-normal_resolution=\"1024\" data-normal_size=\"25\" data-tablet_resolution=\"800\" data-tablet_size=\"20\" data-mobile_resolution=\"480\" data-mobile_size=\"20\" style=\"height: 25px;\"><\/div>[\/vc_column][\/vc_row][vc_row dfd_row_config=&#8221;full_width_content&#8221;][vc_column width=&#8221;1\/2&#8243;]<div class=\"dfd-spacer-module\"  data-units=\"px\" data-wide_resolution=\"1280\" data-wide_size=\"15\" data-normal_resolution=\"1024\" data-normal_size=\"15\" data-tablet_resolution=\"800\" data-tablet_size=\"100\" data-mobile_resolution=\"480\" data-mobile_size=\"10\" style=\"height: 15px;\"><\/div><div class=\"dfd-module-wrapper\"><div class=\"dfd-gallery-loop dfd-gallery-module  carousel\" id=\"dfd-gallery-module-6a05f4d03ec87\">\r\n\t<div class=\"dfd-gallery-wrap\">\r\n\t\t\r\n\t\t<div class=\"dfd-gallery dfd-gallery-carousel \"  data-columns=\"1\" data-layout-style=\"carousel\" data-enable_slideshow=\"true\" data-slideshow_speed=\"3000\">\r\n\t\t\t\t\t\t<div class=\"dfd-gallery-single-item dfd-fade-offset dfd-image-scale\" >\r\n\t\t\t\t\t<div class=\"cover text-center\">\r\n\t\t\t\t\t\t<div class=\"dfd-gallery-inner-wrap\">\r\n\t\t\t\t\t\t\t\r\n\t\t\t\t\t\t\t<div class=\"entry-thumb \">\r\n\t\t\t\t\t\t\t\t<img decoding=\"async\" src=\"https:\/\/techno-service.co\/de\/wp-content\/uploads\/2018\/03\/Gallery3-600x400.jpg\" alt=\"TechnoService3\"\/>\r\n\t\t\t\t\t\t\t\t\t\t\t\t\t\t\t\t<div class=\"portfolio-custom-hover\">\r\n\t\t\t\t\t<a class=\"plus-link \" href=\"https:\/\/techno-service.co\/de\/wp-content\/uploads\/2018\/03\/Gallery3.jpg\" data-thumb=\"https:\/\/techno-service.co\/de\/wp-content\/uploads\/2018\/03\/Gallery3-150x150.jpg\" title=\"\" data-rel=\"prettyPhoto[181286a05f4d03fc18]\">\r\n\t\t\t\t\t<span class=\"plus-link-container\">\r\n\t\t\t\t\t\t<span class=\"plus-link-out\"><\/span>\r\n\t\t\t\t\t\t<span class=\"plus-link-come\"><\/span>\r\n\t\t\t\t\t<\/span>\r\n\t\t\t\t<\/a>\r\n\t\t\t\t<div class=\"hide\"><a href=\"https:\/\/techno-service.co\/de\/wp-content\/uploads\/2018\/03\/Gallery1.jpg\" data-thumb=\"https:\/\/techno-service.co\/de\/wp-content\/uploads\/2018\/03\/Gallery1-150x150.jpg\" title=\"\" data-rel=\"prettyPhoto[181286a05f4d03fc18]\"><\/a><a href=\"https:\/\/techno-service.co\/de\/wp-content\/uploads\/2018\/03\/Gallery2.jpg\" data-thumb=\"https:\/\/techno-service.co\/de\/wp-content\/uploads\/2018\/03\/Gallery2-150x150.jpg\" title=\"\" data-rel=\"prettyPhoto[181286a05f4d03fc18]\"><\/a><\/div><\/div>\t\t\t\t\t\t\t<\/div>\r\n\r\n\t\t\t\t\t\t\t\t\t\t\t\t\t<\/div>\r\n\t\t\t\t\t<\/div>\r\n\t\t\t\t<\/div>\r\n\t\t\t\t\t\t\t<div class=\"dfd-gallery-single-item dfd-fade-offset dfd-image-scale\" >\r\n\t\t\t\t\t<div class=\"cover text-center\">\r\n\t\t\t\t\t\t<div class=\"dfd-gallery-inner-wrap\">\r\n\t\t\t\t\t\t\t\r\n\t\t\t\t\t\t\t<div class=\"entry-thumb \">\r\n\t\t\t\t\t\t\t\t<img decoding=\"async\" src=\"https:\/\/techno-service.co\/de\/wp-content\/uploads\/2018\/03\/Gallery2-600x400.jpg\" alt=\"TechnoService2\"\/>\r\n\t\t\t\t\t\t\t\t\t\t\t\t\t\t\t\t<div class=\"portfolio-custom-hover\">\r\n\t\t\t\t\t<a class=\"plus-link \" href=\"https:\/\/techno-service.co\/de\/wp-content\/uploads\/2018\/03\/Gallery2.jpg\" data-thumb=\"https:\/\/techno-service.co\/de\/wp-content\/uploads\/2018\/03\/Gallery2-150x150.jpg\" title=\"\" data-rel=\"prettyPhoto[181276a05f4d040285]\">\r\n\t\t\t\t\t<span class=\"plus-link-container\">\r\n\t\t\t\t\t\t<span class=\"plus-link-out\"><\/span>\r\n\t\t\t\t\t\t<span class=\"plus-link-come\"><\/span>\r\n\t\t\t\t\t<\/span>\r\n\t\t\t\t<\/a>\r\n\t\t\t\t<div class=\"hide\"><a href=\"https:\/\/techno-service.co\/de\/wp-content\/uploads\/2018\/03\/Gallery1.jpg\" data-thumb=\"https:\/\/techno-service.co\/de\/wp-content\/uploads\/2018\/03\/Gallery1-150x150.jpg\" title=\"\" data-rel=\"prettyPhoto[181276a05f4d040285]\"><\/a><a href=\"https:\/\/techno-service.co\/de\/wp-content\/uploads\/2018\/03\/Gallery3.jpg\" data-thumb=\"https:\/\/techno-service.co\/de\/wp-content\/uploads\/2018\/03\/Gallery3-150x150.jpg\" title=\"\" data-rel=\"prettyPhoto[181276a05f4d040285]\"><\/a><\/div><\/div>\t\t\t\t\t\t\t<\/div>\r\n\r\n\t\t\t\t\t\t\t\t\t\t\t\t\t<\/div>\r\n\t\t\t\t\t<\/div>\r\n\t\t\t\t<\/div>\r\n\t\t\t\t\t\t\t<div class=\"dfd-gallery-single-item dfd-fade-offset dfd-image-scale\" >\r\n\t\t\t\t\t<div class=\"cover text-center\">\r\n\t\t\t\t\t\t<div class=\"dfd-gallery-inner-wrap\">\r\n\t\t\t\t\t\t\t\r\n\t\t\t\t\t\t\t<div class=\"entry-thumb \">\r\n\t\t\t\t\t\t\t\t<img decoding=\"async\" src=\"https:\/\/techno-service.co\/de\/wp-content\/uploads\/2018\/03\/Gallery1-600x400.jpg\" alt=\"TechnoService\"\/>\r\n\t\t\t\t\t\t\t\t\t\t\t\t\t\t\t\t<div class=\"portfolio-custom-hover\">\r\n\t\t\t\t\t<a class=\"plus-link \" href=\"https:\/\/techno-service.co\/de\/wp-content\/uploads\/2018\/03\/Gallery1.jpg\" data-thumb=\"https:\/\/techno-service.co\/de\/wp-content\/uploads\/2018\/03\/Gallery1-150x150.jpg\" title=\"\" data-rel=\"prettyPhoto[181236a05f4d040635]\">\r\n\t\t\t\t\t<span class=\"plus-link-container\">\r\n\t\t\t\t\t\t<span class=\"plus-link-out\"><\/span>\r\n\t\t\t\t\t\t<span class=\"plus-link-come\"><\/span>\r\n\t\t\t\t\t<\/span>\r\n\t\t\t\t<\/a>\r\n\t\t\t\t<div class=\"hide\"><a href=\"https:\/\/techno-service.co\/de\/wp-content\/uploads\/2018\/03\/Gallery3.jpg\" data-thumb=\"https:\/\/techno-service.co\/de\/wp-content\/uploads\/2018\/03\/Gallery3-150x150.jpg\" title=\"\" data-rel=\"prettyPhoto[181236a05f4d040635]\"><\/a><a href=\"https:\/\/techno-service.co\/de\/wp-content\/uploads\/2018\/03\/Gallery2.jpg\" data-thumb=\"https:\/\/techno-service.co\/de\/wp-content\/uploads\/2018\/03\/Gallery2-150x150.jpg\" title=\"\" data-rel=\"prettyPhoto[181236a05f4d040635]\"><\/a><\/div><\/div>\t\t\t\t\t\t\t<\/div>\r\n\r\n\t\t\t\t\t\t\t\t\t\t\t\t\t<\/div>\r\n\t\t\t\t\t<\/div>\r\n\t\t\t\t<\/div>\r\n\t\t\t\t\t<\/div>\r\n\t<\/div>\r\n<\/div>\r\n<script type=\"text\/javascript\">\r\n\t\t\t\t\t\t\t\t(function($) {$(\"head\").append(\"<style>#dfd-gallery-module-6a05f4d03ec87 .dfd-gallery {margin: -10px;}#dfd-gallery-module-6a05f4d03ec87 .dfd-gallery .cover {padding: 10px;}<\/style>\");})(jQuery);\r\n\t\t\t\t\t\t\t<\/script><\/div><div class=\"dfd-spacer-module\"  data-units=\"px\" data-wide_resolution=\"1280\" data-wide_size=\"0\" data-normal_resolution=\"1024\" data-normal_size=\"0\" data-tablet_resolution=\"800\" data-tablet_size=\"0\" data-mobile_resolution=\"480\" data-mobile_size=\"20\" style=\"height: 0px;\"><\/div>[\/vc_column][vc_column width=&#8221;1\/2&#8243;][vc_row_inner][vc_column_inner width=&#8221;1\/6&#8243;][\/vc_column_inner][vc_column_inner width=&#8221;2\/3&#8243;]<div class=\"dfd-spacer-module\"  data-units=\"px\" data-wide_resolution=\"1920\" data-wide_size=\"50\" data-normal_resolution=\"1280\" data-normal_size=\"25\" data-tablet_resolution=\"800\" data-tablet_size=\"15\" data-mobile_resolution=\"480\" data-mobile_size=\"15\" style=\"height: 50px;\"><\/div>[vc_column_text]<\/p>\n<h2>Unsere Geschichte<\/h2>\n<p>[\/vc_column_text]<div class=\"dfd-spacer-module\"  data-units=\"px\" data-wide_resolution=\"1280\" data-wide_size=\"40\" data-normal_resolution=\"1024\" data-normal_size=\"40\" data-tablet_resolution=\"800\" data-tablet_size=\"20\" data-mobile_resolution=\"480\" data-mobile_size=\"15\" style=\"height: 40px;\"><\/div><div class=\"dfd-delimier-main-wrapper \" ><div id=\"dfd-delimiter-6a05f4d040a78-7220\"  class=\"dfd-delimier-wrapper dfd-delimiter-with-line \"  style='text-align:left; ' ><span><span class=\"line\" style=\"border-bottom-width:1px; border-bottom-style:solid; \"><\/span><\/span><\/div><\/div><div class=\"dfd-spacer-module\"  data-units=\"px\" data-wide_resolution=\"1280\" data-wide_size=\"40\" data-normal_resolution=\"1024\" data-normal_size=\"40\" data-tablet_resolution=\"800\" data-tablet_size=\"20\" data-mobile_resolution=\"480\" data-mobile_size=\"15\" style=\"height: 40px;\"><\/div>[vc_column_text]<\/p>\n<p style=\"text-align: justify;\">Dieses Unternehmen wurde auf die Bed\u00fcrfnisse der Kunden basierend gegr\u00fcndet, dies bietet ihnen eine bessere Wettbewerbsf\u00e4higkeit bei der Herstellung und verarbeitung der Betonelemente, d.h. deren Glatter dank unser Fein-Polieren der Oberfl\u00e4che.<\/p>\n<p style=\"text-align: justify;\">Der gesamte Arbeitsprozess und die besondere Aufmerksamkeit bei der Verarbeitung der Materialien ergeben hervorragende Ergebnisse; zufriedene Kunden best\u00e4tigen dies.<\/p>\n<p>Unser Ziel ist es, f\u00fcr Ihre Fertigung eine exzellente Oberfl\u00e4chen-Qualit\u00e4t herzustellen sodass dies sich in verarbeiteten Betonelementen wiederspiegeln kann.<br \/>\nTechnoService ist bereit f\u00fcr neue Herausforderungen und f\u00fcr neue Erfolgsgeschichten!<\/p>\n<p style=\"text-align: justify;\">TechnoService<\/p>\n<p>[\/vc_column_text][\/vc_column_inner][vc_column_inner width=&#8221;1\/6&#8243;][\/vc_column_inner][\/vc_row_inner][\/vc_column][\/vc_row][vc_row][vc_column]<div class=\"dfd-spacer-module\"  data-units=\"px\" data-wide_resolution=\"1280\" data-wide_size=\"40\" data-normal_resolution=\"1024\" data-normal_size=\"40\" data-tablet_resolution=\"800\" data-tablet_size=\"20\" data-mobile_resolution=\"480\" data-mobile_size=\"20\" style=\"height: 40px;\"><\/div><div class=\"dfd-heading-shortcode\"><div class=\"dfd-heading-module-wrap  text-center style_01 cr-animate-gen dfd-heading-6a05f4d040b6d dfd-disable-resposive-headings\" id=\"dfd-heading-6a05f4d040b6d\" data-animate-type = \"transition.flipXIn\" ><div class=\"inline-block\"><div class=\"dfd-heading-module\"><h5 class=\"widget-title dfd-title \" style=\"font-family:Playfair Display; font-weight:400; font-style:italic; font-size: 30px; line-height: 30px; letter-spacing: 0px; \"><\/p>\n<p style=\"text-align: center;\"><span style=\"color: #f05a28;\">Klicken und ziehen Sie hier, um den Polierprozess anzuzeigen.<\/span><\/p>\n<p><\/h5><h5 class=\"widget-sub-title dfd-sub-title \" style=\"font-size: 15px; line-height: 25px; letter-spacing: 5px; \">Vorher und nachher<\/h5><\/div><\/div><\/div><script type=\"text\/javascript\">\r\n\t\t\t\t\t\t\t\t\t(function($) {\r\n\t\t\t\t\t\t\t\t\t\t$(\"head\").append(\"<style>.dfd-heading-6a05f4d040b6d.dfd-heading-module-wrap .dfd-heading-module .dfd-heading-delimiter {margin-top:10px;margin-bottom:10px;}@media (max-width: 799px){.dfd-heading-6a05f4d040b6d .dfd-title{font-size: 30px !important;line-height: 44px !important;}}<\/style>\");\r\n\t\t\t\t\t\t\t\t\t})(jQuery);\r\n\t\t\t\t\t\t\t\t<\/script><\/div><div class=\"dfd-spacer-module\"  data-units=\"px\" data-wide_resolution=\"1280\" data-wide_size=\"30\" data-normal_resolution=\"1024\" data-normal_size=\"30\" data-tablet_resolution=\"800\" data-tablet_size=\"25\" data-mobile_resolution=\"480\" data-mobile_size=\"25\" style=\"height: 30px;\"><\/div>[\/vc_column][\/vc_row][vc_row dfd_row_config=&#8221;full_width_content&#8221;][vc_column]<div class=\"dfd-slide-parallax-wrap  dfd-slide-parallax-horizontal\"  data-direction=\"horizontal\" ><div id=\"dfd-slide-parallax-6a05f4d040d95\" class=\"images-wrap\"><div><div class=\"image-wrap image-left\"><img loading=\"lazy\" decoding=\"async\" src=\"https:\/\/techno-service.co\/de\/wp-content\/uploads\/2018\/04\/Parallax1-before-1920x300.jpg\" width=\"1920\" height=\"300\" alt=\"Image\"  \/><\/div><div class=\"image-wrap image-right\"><img loading=\"lazy\" decoding=\"async\" src=\"https:\/\/techno-service.co\/de\/wp-content\/uploads\/2018\/04\/Parallax1-after-1920x300.jpg\" width=\"1920\" height=\"300\" alt=\"Image\"  \/><\/div><div class=\"handler\"><span class=\"pointer\"><img loading=\"lazy\" decoding=\"async\" src=\"https:\/\/techno-service.co\/de\/wp-content\/uploads\/2018\/04\/marker-12.png\" width=\"169\" height=\"149\" alt=\"Image\"  \/><\/span><\/div><\/div><\/div><script>(function($) {\r\n\t\t\t\t\t\t\t\t\t$(document).ready(function() {\r\n\t\t\t\t\t\t\t\t\t\t$(\"#dfd-slide-parallax-6a05f4d040d95\").slideParallax();$(\"head\").append(\"<style>#dfd-slide-parallax-6a05f4d040d95 .handler {width: 3px;margin-left: -1.5px;background: #ffffff;}<\/style>\");});\r\n\t\t\t\t\t\t\t\t})(jQuery);<\/script><\/div><div class=\"dfd-slide-parallax-wrap  dfd-slide-parallax-horizontal\"  data-direction=\"horizontal\" ><div id=\"dfd-slide-parallax-6a05f4d0413a3\" class=\"images-wrap\"><div><div class=\"image-wrap image-left\"><img loading=\"lazy\" decoding=\"async\" src=\"https:\/\/techno-service.co\/de\/wp-content\/uploads\/2018\/04\/Parallax2-before-1920x500.jpg\" width=\"1920\" height=\"500\" alt=\"Image\"  \/><\/div><div class=\"image-wrap image-right\"><img loading=\"lazy\" decoding=\"async\" src=\"https:\/\/techno-service.co\/de\/wp-content\/uploads\/2018\/04\/Parallax2-after-1920x500.jpg\" width=\"1920\" height=\"500\" alt=\"Image\"  \/><\/div><div class=\"handler\"><span class=\"pointer\"><img loading=\"lazy\" decoding=\"async\" src=\"https:\/\/techno-service.co\/de\/wp-content\/uploads\/2018\/04\/marker-12.png\" width=\"169\" height=\"149\" alt=\"Image\"  \/><\/span><\/div><\/div><\/div><script>(function($) {\r\n\t\t\t\t\t\t\t\t\t$(document).ready(function() {\r\n\t\t\t\t\t\t\t\t\t\t$(\"#dfd-slide-parallax-6a05f4d0413a3\").slideParallax();$(\"head\").append(\"<style>#dfd-slide-parallax-6a05f4d0413a3 .handler {width: 3px;margin-left: -1.5px;background: #ffffff;}<\/style>\");});\r\n\t\t\t\t\t\t\t\t})(jQuery);<\/script><\/div><div class=\"dfd-slide-parallax-wrap  dfd-slide-parallax-horizontal\"  data-direction=\"horizontal\" ><div id=\"dfd-slide-parallax-6a05f4d0417ad\" class=\"images-wrap\"><div><div class=\"image-wrap image-left\"><img loading=\"lazy\" decoding=\"async\" src=\"https:\/\/techno-service.co\/de\/wp-content\/uploads\/2018\/04\/Parallax3-before-1920x500.jpg\" width=\"1920\" height=\"500\" alt=\"Image\"  \/><\/div><div class=\"image-wrap image-right\"><img loading=\"lazy\" decoding=\"async\" src=\"https:\/\/techno-service.co\/de\/wp-content\/uploads\/2018\/04\/Parallax3-after-1920x500.jpg\" width=\"1920\" height=\"500\" alt=\"Image\"  \/><\/div><div class=\"handler\"><span class=\"pointer\"><img loading=\"lazy\" decoding=\"async\" src=\"https:\/\/techno-service.co\/de\/wp-content\/uploads\/2018\/04\/marker-12.png\" width=\"169\" height=\"149\" alt=\"Image\"  \/><\/span><\/div><\/div><\/div><script>(function($) {\r\n\t\t\t\t\t\t\t\t\t$(document).ready(function() {\r\n\t\t\t\t\t\t\t\t\t\t$(\"#dfd-slide-parallax-6a05f4d0417ad\").slideParallax();$(\"head\").append(\"<style>#dfd-slide-parallax-6a05f4d0417ad .handler {width: 3px;margin-left: -1.5px;background: #ffffff;}<\/style>\");});\r\n\t\t\t\t\t\t\t\t})(jQuery);<\/script><\/div>[\/vc_column][\/vc_row][vc_row dfd_bg_style=&#8221;image&#8221; dfd_parallax_style=&#8221;dfd_animated_bg&#8221; dfd_parallax_sense=&#8221;45&#8243; dfd_enable_overlay=&#8221;&#8221; dfd_row_responsive_enable=&#8221;dfd-row-responsive-enable&#8221; css=&#8221;.vc_custom_1522507676429{padding-right: 20px !important;padding-left: 20px !important;}&#8221; responsive_styles=&#8221;padding_left_desktop:0|padding_right_desktop:0|padding_left_tablet:0|padding_right_tablet:0|padding_left_mobile:0|padding_right_mobile:0&#8243;][vc_column dfd_column_responsive_enable=&#8221;dfd-column-responsive-enable&#8221; responsive_styles=&#8221;padding_left_desktop:30|padding_right_desktop:30|padding_left_tablet:30|padding_right_tablet:30|padding_left_mobile:20|padding_right_mobile:20&#8243;]<div class=\"dfd-spacer-module\"  data-units=\"px\" data-wide_resolution=\"1280\" data-wide_size=\"60\" data-normal_resolution=\"1024\" data-normal_size=\"40\" data-tablet_resolution=\"800\" data-tablet_size=\"40\" data-mobile_resolution=\"480\" data-mobile_size=\"30\" style=\"height: 60px;\"><\/div><div class=\"dfd-heading-shortcode\"><div class=\"dfd-heading-module-wrap  text-center style_01 dfd-heading-6a05f4d041c29 dfd-disable-resposive-headings\" id=\"dfd-heading-6a05f4d041c29\" ><div class=\"inline-block\"><div class=\"dfd-heading-module\"><div class=\"dfd-heading-delimiter dfd-img-lazy-load\"><\/div><\/div><\/div><\/div><script type=\"text\/javascript\">\r\n\t\t\t\t\t\t\t\t\t(function($) {\r\n\t\t\t\t\t\t\t\t\t\t$(\"head\").append(\"<style>.dfd-heading-6a05f4d041c29.dfd-heading-module-wrap .dfd-heading-module .dfd-heading-delimiter {border-bottom-style:solid;border-bottom-width:1px;width:250px;border-bottom-color:#f05a28;}.dfd-heading-6a05f4d041c29.dfd-heading-module-wrap .dfd-heading-module .dfd-heading-delimiter {margin-top:10px;margin-bottom:10px;}<\/style>\");\r\n\t\t\t\t\t\t\t\t\t})(jQuery);\r\n\t\t\t\t\t\t\t\t<\/script><\/div>[vc_row_inner][vc_column_inner width=&#8221;2\/3&#8243;]<div class=\"dfd-heading-shortcode\"><div class=\"dfd-heading-module-wrap  text-right style_01 dfd-heading-6a05f4d041ce8 dfd-disable-resposive-headings\" id=\"dfd-heading-6a05f4d041ce8\" ><div class=\"inline-block\"><div class=\"dfd-heading-module\"><h5 class=\"widget-title dfd-title \" style=\"\">Sind Sie an einer Zusammenarbeit mit uns interessiert?<\/h5><\/div><\/div><\/div><script type=\"text\/javascript\">\r\n\t\t\t\t\t\t\t\t\t(function($) {\r\n\t\t\t\t\t\t\t\t\t\t$(\"head\").append(\"<style>.dfd-heading-6a05f4d041ce8.dfd-heading-module-wrap .dfd-heading-module .dfd-heading-delimiter {margin-top:10px;margin-bottom:10px;}<\/style>\");\r\n\t\t\t\t\t\t\t\t\t})(jQuery);\r\n\t\t\t\t\t\t\t\t<\/script><\/div>[\/vc_column_inner][vc_column_inner width=&#8221;1\/3&#8243;]<div id=\"dfd-button-6a05f4d041dec\" class=\"dfd-button-module-wrap dfd-button-6a05f4d041dec\"><div class=\"dfd-button-module  style_3 text-left dfd-horizontal dfd-top-to-bottom dfd-button-icon-left dfd-button-icon-hover-simple\" ><a href=\"http:\/\/techno-service.co\/de\/contact\/\" class=\"dfd-button-link\"><span class=\"dfd-button-inner-cover\"><span class=\"dfd-button-text-main\">kontaktieren Sie uns<\/span><\/span><\/a><\/div><script type=\"text\/javascript\">\r\n\t\t\t\t\t\t\t\t\t(function($) {$(\"head\").append(\"<style>#dfd-button-6a05f4d041dec.dfd-button-module-wrap .dfd-button-module .dfd-button-link .dfd-button-inner-cover .dfd-button-text-main,.dfd-button-6a05f4d041dec.dfd-button-module-wrap .dfd-button-module .dfd-button-link .dfd-button-inner-cover .dfd-button-text-main {color: #ffffff}#dfd-button-6a05f4d041dec.dfd-button-module-wrap .dfd-button-module .dfd-button-link .dfd-button-inner-cover,.dfd-button-6a05f4d041dec.dfd-button-module-wrap .dfd-button-module .dfd-button-link .dfd-button-border-decoration,.dfd-button-6a05f4d041dec.dfd-button-module-wrap .dfd-button-module .dfd-button-link .dfd-button-inner-cover {border-radius:2px;}#dfd-button-6a05f4d041dec.dfd-button-module-wrap .dfd-button-module:not(.style_4) .dfd-button-link .dfd-button-inner-cover:before,#dfd-button-6a05f4d041dec.dfd-button-module-wrap .dfd-button-module.style_4 .dfd-button-link .dfd-button-inner-cover:after,#dfd-button-6a05f4d041dec.dfd-button-module-wrap .dfd-button-module.style_6 .dfd-button-link .dfd-button-inner-cover .dfd-button-text-main,.dfd-button-6a05f4d041dec.dfd-button-module-wrap .dfd-button-module:not(.style_4) .dfd-button-link .dfd-button-inner-cover:before,.dfd-button-6a05f4d041dec.dfd-button-module-wrap .dfd-button-module.style_4 .dfd-button-link .dfd-button-inner-cover:after,.dfd-button-6a05f4d041dec.dfd-button-module-wrap .dfd-button-module.style_6 .dfd-button-link .dfd-button-inner-cover .dfd-button-text-main {background: #1b1b1b;border-style:solid;border-width:1px;border-radius:2px;border-color:#ffffff;}#dfd-button-6a05f4d041dec.dfd-button-module-wrap .dfd-button-module:not(.style_6) .dfd-button-link:hover .dfd-button-inner-cover .dfd-button-text-main,#dfd-button-6a05f4d041dec.dfd-button-module-wrap .dfd-button-module .dfd-button-link .dfd-button-inner-cover .dfd-button-text-hover,.dfd-button-6a05f4d041dec.dfd-button-module-wrap .dfd-button-module:not(.style_6) .dfd-button-link:hover .dfd-button-inner-cover .dfd-button-text-main,.dfd-button-6a05f4d041dec.dfd-button-module-wrap .dfd-button-module .dfd-button-link .dfd-button-inner-cover .dfd-button-text-hover {color: #ffffff;}#dfd-button-6a05f4d041dec.dfd-button-module-wrap .dfd-button-module:not(.style_4) .dfd-button-link .dfd-button-inner-cover:after,#dfd-button-6a05f4d041dec.dfd-button-module-wrap .dfd-button-module.style_4 .dfd-button-link .dfd-button-inner-cover:before,#dfd-button-6a05f4d041dec.dfd-button-module-wrap .dfd-button-module .dfd-button-link .dfd-button-inner-cover .dfd-button-text-hover .dfd-button-6a05f4d041dec.dfd-button-module-wrap .dfd-button-module:not(.style_4) .dfd-button-link .dfd-button-inner-cover:after,.dfd-button-6a05f4d041dec.dfd-button-module-wrap .dfd-button-module.style_4 .dfd-button-link .dfd-button-inner-cover:before,.dfd-button-6a05f4d041dec.dfd-button-module-wrap .dfd-button-module .dfd-button-link .dfd-button-inner-cover .dfd-button-text-hover {background: #f05a28;border-style:solid;border-width:1px;border-radius:2px;}#dfd-button-6a05f4d041dec.dfd-button-module-wrap .dfd-button-module.style_3 .dfd-button-link:hover .dfd-button-inner-cover:before,#dfd-button-6a05f4d041dec.dfd-button-module-wrap .dfd-button-module.style_4 .dfd-button-link:hover .dfd-button-inner-cover:before,.dfd-button-6a05f4d041dec.dfd-button-module-wrap .dfd-button-module.style_3 .dfd-button-link:hover .dfd-button-inner-cover:before,.dfd-button-6a05f4d041dec.dfd-button-module-wrap .dfd-button-module.style_4 .dfd-button-link:hover .dfd-button-inner-cover:before {border-style:solid;border-width:1px;border-radius:2px;}<\/style>\")\r\n\t\t\t\t\t\t\t\t\t})(jQuery);\r\n\t\t\t\t\t\t\t\t<\/script><\/div>[\/vc_column_inner][\/vc_row_inner]<div class=\"dfd-spacer-module\"  data-units=\"px\" data-wide_resolution=\"1280\" data-wide_size=\"35\" data-normal_resolution=\"1024\" data-normal_size=\"35\" data-tablet_resolution=\"800\" data-tablet_size=\"35\" data-mobile_resolution=\"480\" data-mobile_size=\"35\" style=\"height: 35px;\"><\/div>[\/vc_column][\/vc_row]<\/p>\n<\/div>","protected":false},"excerpt":{"rendered":"<p>[vc_row dfd_row_config=&#8221;full_width_content&#8221; dfd_row_responsive_enable=&#8221;dfd-row-responsive-enable&#8221;][vc_column][vc_single_image image=&#8221;18235&#8243; img_size=&#8221;full&#8221; alignment=&#8221;center&#8221; css=&#8221;.vc_custom_1522700585483{margin-right: -5% !important;margin-left: -5% !important;border-right-width: -5% !important;border-left-width: -5% !important;padding-right: -5% !important;padding-left: -5% !important;}&#8221;][\/vc_column][\/vc_row][vc_row dfd_row_config=&#8221;full_width_content&#8221;][vc_column width=&#8221;1\/2&#8243;][\/vc_column][vc_column width=&#8221;1\/2&#8243;][vc_row_inner][vc_column_inner width=&#8221;1\/6&#8243;][\/vc_column_inner][vc_column_inner width=&#8221;2\/3&#8243;][vc_column_text] Unsere Geschichte [\/vc_column_text][vc_column_text] Dieses Unternehmen wurde<\/p>\n","protected":false},"author":1,"featured_media":0,"parent":0,"menu_order":0,"comment_status":"closed","ping_status":"closed","template":"page-custom.php","meta":{"footnotes":""},"class_list":["post-2","page","type-page","status-publish","hentry"],"_links":{"self":[{"href":"https:\/\/techno-service.co\/de\/index.php?rest_route=\/wp\/v2\/pages\/2","targetHints":{"allow":["GET"]}}],"collection":[{"href":"https:\/\/techno-service.co\/de\/index.php?rest_route=\/wp\/v2\/pages"}],"about":[{"href":"https:\/\/techno-service.co\/de\/index.php?rest_route=\/wp\/v2\/types\/page"}],"author":[{"embeddable":true,"href":"https:\/\/techno-service.co\/de\/index.php?rest_route=\/wp\/v2\/users\/1"}],"replies":[{"embeddable":true,"href":"https:\/\/techno-service.co\/de\/index.php?rest_route=%2Fwp%2Fv2%2Fcomments&post=2"}],"version-history":[{"count":5,"href":"https:\/\/techno-service.co\/de\/index.php?rest_route=\/wp\/v2\/pages\/2\/revisions"}],"predecessor-version":[{"id":18375,"href":"https:\/\/techno-service.co\/de\/index.php?rest_route=\/wp\/v2\/pages\/2\/revisions\/18375"}],"wp:attachment":[{"href":"https:\/\/techno-service.co\/de\/index.php?rest_route=%2Fwp%2Fv2%2Fmedia&parent=2"}],"curies":[{"name":"wp","href":"https:\/\/api.w.org\/{rel}","templated":true}]}}